{"id":79,"date":"2020-03-09T13:33:41","date_gmt":"2020-03-09T13:33:41","guid":{"rendered":"https:\/\/themes.muffingroup.com\/be\/wine3\/?page_id=11"},"modified":"2025-09-05T15:15:10","modified_gmt":"2025-09-05T15:15:10","slug":"historico","status":"publish","type":"page","link":"https:\/\/figaamazonia.com.br\/site\/historico\/","title":{"rendered":"Hist\u00f3rico"},"content":{"rendered":"\t\t<div data-elementor-type=\"wp-page\" data-elementor-id=\"79\" class=\"elementor elementor-79\" data-elementor-post-type=\"page\">\n\t\t\t\t\t\t<section class=\"elementor-section elementor-top-section elementor-element elementor-element-321c681 elementor-section-stretched elementor-section-boxed elementor-section-height-default elementor-section-height-default\" data-id=\"321c681\" data-element_type=\"section\" data-settings=\"{&quot;stretch_section&quot;:&quot;section-stretched&quot;,&quot;background_background&quot;:&quot;classic&quot;,&quot;shape_divider_top&quot;:&quot;wave-brush&quot;}\">\n\t\t\t\t\t\t\t<div class=\"elementor-background-overlay\"><\/div>\n\t\t\t\t\t\t<div class=\"elementor-shape elementor-shape-top\" aria-hidden=\"true\" data-negative=\"false\">\n\t\t\t<svg xmlns=\"http:\/\/www.w3.org\/2000\/svg\" viewBox=\"0 0 283.5 27.8\" preserveAspectRatio=\"none\">\n\t<path class=\"elementor-shape-fill\" d=\"M283.5,9.7c0,0-7.3,4.3-14,4.6c-6.8,0.3-12.6,0-20.9-1.5c-11.3-2-33.1-10.1-44.7-5.7\ts-12.1,4.6-18,7.4c-6.6,3.2-20,9.6-36.6,9.3C131.6,23.5,99.5,7.2,86.3,8c-1.4,0.1-6.6,0.8-10.5,2c-3.8,1.2-9.4,3.8-17,4.7\tc-3.2,0.4-8.3,1.1-14.2,0.9c-1.5-0.1-6.3-0.4-12-1.6c-5.7-1.2-11-3.1-15.8-3.7C6.5,9.2,0,10.8,0,10.8V0h283.5V9.7z M260.8,11.3\tc-0.7-1-2-0.4-4.3-0.4c-2.3,0-6.1-1.2-5.8-1.1c0.3,0.1,3.1,1.5,6,1.9C259.7,12.2,261.4,12.3,260.8,11.3z M242.4,8.6\tc0,0-2.4-0.2-5.6-0.9c-3.2-0.8-10.3-2.8-15.1-3.5c-8.2-1.1-15.8,0-15.1,0.1c0.8,0.1,9.6-0.6,17.6,1.1c3.3,0.7,9.3,2.2,12.4,2.7\tC239.9,8.7,242.4,8.6,242.4,8.6z M185.2,8.5c1.7-0.7-13.3,4.7-18.5,6.1c-2.1,0.6-6.2,1.6-10,2c-3.9,0.4-8.9,0.4-8.8,0.5\tc0,0.2,5.8,0.8,11.2,0c5.4-0.8,5.2-1.1,7.6-1.6C170.5,14.7,183.5,9.2,185.2,8.5z M199.1,6.9c0.2,0-0.8-0.4-4.8,1.1\tc-4,1.5-6.7,3.5-6.9,3.7c-0.2,0.1,3.5-1.8,6.6-3C197,7.5,199,6.9,199.1,6.9z M283,6c-0.1,0.1-1.9,1.1-4.8,2.5s-6.9,2.8-6.7,2.7\tc0.2,0,3.5-0.6,7.4-2.5C282.8,6.8,283.1,5.9,283,6z M31.3,11.6c0.1-0.2-1.9-0.2-4.5-1.2s-5.4-1.6-7.8-2C15,7.6,7.3,8.5,7.7,8.6\tC8,8.7,15.9,8.3,20.2,9.3c2.2,0.5,2.4,0.5,5.7,1.6S31.2,11.9,31.3,11.6z M73,9.2c0.4-0.1,3.5-1.6,8.4-2.6c4.9-1.1,8.9-0.5,8.9-0.8\tc0-0.3-1-0.9-6.2-0.3S72.6,9.3,73,9.2z M71.6,6.7C71.8,6.8,75,5.4,77.3,5c2.3-0.3,1.9-0.5,1.9-0.6c0-0.1-1.1-0.2-2.7,0.2\tC74.8,5.1,71.4,6.6,71.6,6.7z M93.6,4.4c0.1,0.2,3.5,0.8,5.6,1.8c2.1,1,1.8,0.6,1.9,0.5c0.1-0.1-0.8-0.8-2.4-1.3\tC97.1,4.8,93.5,4.2,93.6,4.4z M65.4,11.1c-0.1,0.3,0.3,0.5,1.9-0.2s2.6-1.3,2.2-1.2s-0.9,0.4-2.5,0.8C65.3,10.9,65.5,10.8,65.4,11.1\tz M34.5,12.4c-0.2,0,2.1,0.8,3.3,0.9c1.2,0.1,2,0.1,2-0.2c0-0.3-0.1-0.5-1.6-0.4C36.6,12.8,34.7,12.4,34.5,12.4z M152.2,21.1\tc-0.1,0.1-2.4-0.3-7.5-0.3c-5,0-13.6-2.4-17.2-3.5c-3.6-1.1,10,3.9,16.5,4.1C150.5,21.6,152.3,21,152.2,21.1z\"\/>\n\t<path class=\"elementor-shape-fill\" d=\"M269.6,18c-0.1-0.1-4.6,0.3-7.2,0c-7.3-0.7-17-3.2-16.6-2.9c0.4,0.3,13.7,3.1,17,3.3\tC267.7,18.8,269.7,18,269.6,18z\"\/>\n\t<path class=\"elementor-shape-fill\" d=\"M227.4,9.8c-0.2-0.1-4.5-1-9.5-1.2c-5-0.2-12.7,0.6-12.3,0.5c0.3-0.1,5.9-1.8,13.3-1.2\tS227.6,9.9,227.4,9.8z\"\/>\n\t<path class=\"elementor-shape-fill\" d=\"M204.5,13.4c-0.1-0.1,2-1,3.2-1.1c1.2-0.1,2,0,2,0.3c0,0.3-0.1,0.5-1.6,0.4\tC206.4,12.9,204.6,13.5,204.5,13.4z\"\/>\n\t<path class=\"elementor-shape-fill\" d=\"M201,10.6c0-0.1-4.4,1.2-6.3,2.2c-1.9,0.9-6.2,3.1-6.1,3.1c0.1,0.1,4.2-1.6,6.3-2.6\tS201,10.7,201,10.6z\"\/>\n\t<path class=\"elementor-shape-fill\" d=\"M154.5,26.7c-0.1-0.1-4.6,0.3-7.2,0c-7.3-0.7-17-3.2-16.6-2.9c0.4,0.3,13.7,3.1,17,3.3\tC152.6,27.5,154.6,26.8,154.5,26.7z\"\/>\n\t<path class=\"elementor-shape-fill\" d=\"M41.9,19.3c0,0,1.2-0.3,2.9-0.1c1.7,0.2,5.8,0.9,8.2,0.7c4.2-0.4,7.4-2.7,7-2.6\tc-0.4,0-4.3,2.2-8.6,1.9c-1.8-0.1-5.1-0.5-6.7-0.4S41.9,19.3,41.9,19.3z\"\/>\n\t<path class=\"elementor-shape-fill\" d=\"M75.5,12.6c0.2,0.1,2-0.8,4.3-1.1c2.3-0.2,2.1-0.3,2.1-0.5c0-0.1-1.8-0.4-3.4,0\tC76.9,11.5,75.3,12.5,75.5,12.6z\"\/>\n\t<path class=\"elementor-shape-fill\" d=\"M15.6,13.2c0-0.1,4.3,0,6.7,0.5c2.4,0.5,5,1.9,5,2c0,0.1-2.7-0.8-5.1-1.4\tC19.9,13.7,15.7,13.3,15.6,13.2z\"\/>\n<\/svg>\t\t<\/div>\n\t\t\t\t\t<div class=\"elementor-container elementor-column-gap-wider\">\n\t\t\t\t\t<div class=\"elementor-column elementor-col-100 elementor-top-column elementor-element elementor-element-6fecb03\" data-id=\"6fecb03\" data-element_type=\"column\">\n\t\t\t<div class=\"elementor-widget-wrap elementor-element-populated\">\n\t\t\t\t\t\t<section class=\"elementor-section elementor-inner-section elementor-element elementor-element-5840544 elementor-section-boxed elementor-section-height-default elementor-section-height-default\" data-id=\"5840544\" data-element_type=\"section\">\n\t\t\t\t\t\t<div class=\"elementor-container elementor-column-gap-wider\">\n\t\t\t\t\t<div class=\"elementor-column elementor-col-100 elementor-inner-column elementor-element elementor-element-53b4ea3\" data-id=\"53b4ea3\" data-element_type=\"column\">\n\t\t\t<div class=\"elementor-widget-wrap elementor-element-populated\">\n\t\t\t\t\t\t<div class=\"elementor-element elementor-element-93ebff4 elementor-widget elementor-widget-heading\" data-id=\"93ebff4\" data-element_type=\"widget\" data-widget_type=\"heading.default\">\n\t\t\t\t\t<h2 class=\"elementor-heading-title elementor-size-default\">HIST\u00d3RICO - FIGA<\/h2>\t\t\t\t<\/div>\n\t\t\t\t<div class=\"elementor-element elementor-element-3ce67c7 elementor-widget elementor-widget-heading\" data-id=\"3ce67c7\" data-element_type=\"widget\" data-widget_type=\"heading.default\">\n\t\t\t\t\t<h2 class=\"elementor-heading-title elementor-size-default\">HIST\u00d3RICO DA FEIRA INTERNACIONAL DE GASTRONOMIA AMAZ\u00d4NICA\n<\/h2>\t\t\t\t<\/div>\n\t\t\t\t\t<\/div>\n\t\t<\/div>\n\t\t\t\t\t<\/div>\n\t\t<\/section>\n\t\t\t\t<section class=\"elementor-section elementor-inner-section elementor-element elementor-element-b40577f elementor-section-boxed elementor-section-height-default elementor-section-height-default\" data-id=\"b40577f\" data-element_type=\"section\">\n\t\t\t\t\t\t<div class=\"elementor-container elementor-column-gap-wider\">\n\t\t\t\t\t<div class=\"elementor-column elementor-col-50 elementor-inner-column elementor-element elementor-element-6633a5c\" data-id=\"6633a5c\" data-element_type=\"column\">\n\t\t\t<div class=\"elementor-widget-wrap elementor-element-populated\">\n\t\t\t\t\t\t<div class=\"elementor-element elementor-element-865864a elementor-widget elementor-widget-image\" data-id=\"865864a\" data-element_type=\"widget\" data-widget_type=\"image.default\">\n\t\t\t\t\t\t\t\t\t\t\t\t\t\t\t<img fetchpriority=\"high\" decoding=\"async\" width=\"780\" height=\"978\" src=\"https:\/\/figaamazonia.com.br\/site\/wp-content\/uploads\/2025\/09\/Foto.png\" class=\"attachment-large size-large wp-image-343\" alt=\"\" srcset=\"https:\/\/figaamazonia.com.br\/site\/wp-content\/uploads\/2025\/09\/Foto.png 780w, https:\/\/figaamazonia.com.br\/site\/wp-content\/uploads\/2025\/09\/Foto-399x500.png 399w, https:\/\/figaamazonia.com.br\/site\/wp-content\/uploads\/2025\/09\/Foto-239x300.png 239w, https:\/\/figaamazonia.com.br\/site\/wp-content\/uploads\/2025\/09\/Foto-768x963.png 768w, https:\/\/figaamazonia.com.br\/site\/wp-content\/uploads\/2025\/09\/Foto-60x75.png 60w, https:\/\/figaamazonia.com.br\/site\/wp-content\/uploads\/2025\/09\/Foto-480x602.png 480w\" sizes=\"(max-width:767px) 480px, (max-width:780px) 100vw, 780px\" \/>\t\t\t\t\t\t\t\t\t\t\t\t\t\t\t<\/div>\n\t\t\t\t\t<\/div>\n\t\t<\/div>\n\t\t\t\t<div class=\"elementor-column elementor-col-50 elementor-inner-column elementor-element elementor-element-0e5a97d\" data-id=\"0e5a97d\" data-element_type=\"column\">\n\t\t\t<div class=\"elementor-widget-wrap elementor-element-populated\">\n\t\t\t\t\t\t<div class=\"elementor-element elementor-element-1805012 elementor-widget elementor-widget-text-editor\" data-id=\"1805012\" data-element_type=\"widget\" data-widget_type=\"text-editor.default\">\n\t\t\t\t\t\t\t\t\t<p><span style=\"font-weight: 400;\">A <span style=\"color: #ffcc00;\"><strong>Feira Internacional de Gastronomia Amaz\u00f4nica (FIGA)<\/strong><\/span> \u00e9 o principal evento gastron\u00f4mico da regi\u00e3o Norte, reunindo sabores, saberes e oportunidades de neg\u00f3cio. Criada pela Abrasel Amazonas, a feira promove a cultura alimentar da floresta, impulsionando a economia criativa e sustent\u00e1vel da regi\u00e3o.<\/span><\/p><p><span style=\"font-weight: 400;\">Em 2025, a<span style=\"color: #ffcc00;\"> FIGA acontece de 3 a 5 de outubro no Centro de Conven\u00e7\u00f5es Vasco Vasques, em Manaus<\/span>, com o tema <span style=\"color: #ffcc00;\"><strong>\u201cO grande mercado Amaz\u00f4nia\u201d<\/strong><\/span>. A programa\u00e7\u00e3o inclui estandes, oficinas, aulas-show, palestras, sala de neg\u00f3cios e atra\u00e7\u00f5es para toda a fam\u00edlia.<\/span><\/p><p><span style=\"font-weight: 400;\">A feira \u00e9 tamb\u00e9m uma plataforma de valoriza\u00e7\u00e3o da gastronomia amaz\u00f4nica como patrim\u00f4nio cultural. Mais do que um evento, a FIGA fortalece a cadeia produtiva local e aproxima os saberes tradicionais dos novos mercados.<\/span><\/p>\t\t\t\t\t\t\t\t<\/div>\n\t\t\t\t\t<\/div>\n\t\t<\/div>\n\t\t\t\t\t<\/div>\n\t\t<\/section>\n\t\t\t\t\t<\/div>\n\t\t<\/div>\n\t\t\t\t\t<\/div>\n\t\t<\/section>\n\t\t\t\t<section class=\"elementor-section elementor-top-section elementor-element elementor-element-ea922a2 elementor-section-stretched elementor-section-boxed elementor-section-height-default elementor-section-height-default\" data-id=\"ea922a2\" data-element_type=\"section\" data-settings=\"{&quot;stretch_section&quot;:&quot;section-stretched&quot;,&quot;background_background&quot;:&quot;classic&quot;}\">\n\t\t\t\t\t\t\t<div class=\"elementor-background-overlay\"><\/div>\n\t\t\t\t\t\t\t<div class=\"elementor-container elementor-column-gap-wider\">\n\t\t\t\t\t<div class=\"elementor-column elementor-col-100 elementor-top-column elementor-element elementor-element-aa18385\" data-id=\"aa18385\" data-element_type=\"column\">\n\t\t\t<div class=\"elementor-widget-wrap elementor-element-populated\">\n\t\t\t\t\t\t<section class=\"elementor-section elementor-inner-section elementor-element elementor-element-fce48d7 elementor-section-boxed elementor-section-height-default elementor-section-height-default\" data-id=\"fce48d7\" data-element_type=\"section\" data-settings=\"{&quot;background_background&quot;:&quot;classic&quot;}\">\n\t\t\t\t\t\t<div class=\"elementor-container elementor-column-gap-default\">\n\t\t\t\t\t<div class=\"elementor-column elementor-col-100 elementor-inner-column elementor-element elementor-element-011e4aa\" data-id=\"011e4aa\" data-element_type=\"column\">\n\t\t\t<div class=\"elementor-widget-wrap elementor-element-populated\">\n\t\t\t\t\t\t<div class=\"elementor-element elementor-element-5069515 elementor-widget elementor-widget-text-editor\" data-id=\"5069515\" data-element_type=\"widget\" data-widget_type=\"text-editor.default\">\n\t\t\t\t\t\t\t\t\t<h6>DESDE 2017<\/h6><h2>FIGA EM N\u00daMEROS<\/h2>\t\t\t\t\t\t\t\t<\/div>\n\t\t\t\t\t<\/div>\n\t\t<\/div>\n\t\t\t\t\t<\/div>\n\t\t<\/section>\n\t\t\t\t<section class=\"elementor-section elementor-inner-section elementor-element elementor-element-3bd58bc elementor-reverse-mobile elementor-section-boxed elementor-section-height-default elementor-section-height-default\" data-id=\"3bd58bc\" data-element_type=\"section\">\n\t\t\t\t\t\t<div class=\"elementor-container elementor-column-gap-wider\">\n\t\t\t\t\t<div class=\"elementor-column elementor-col-50 elementor-inner-column elementor-element elementor-element-6b57c6c\" data-id=\"6b57c6c\" data-element_type=\"column\">\n\t\t\t<div class=\"elementor-widget-wrap elementor-element-populated\">\n\t\t\t\t\t\t<div class=\"elementor-element elementor-element-b2612b2 elementor-widget elementor-widget-text-editor\" data-id=\"b2612b2\" data-element_type=\"widget\" data-widget_type=\"text-editor.default\">\n\t\t\t\t\t\t\t\t\t<ul><li style=\"font-weight: 400;\" aria-level=\"1\"><h3><strong>Cinco edi\u00e7\u00f5es \u2013 2015, 2017, 2019, 2021 e 2023<\/strong><\/h3><\/li><li style=\"font-weight: 400;\" aria-level=\"1\"><span style=\"font-weight: 400;\">P\u00fablico em torno de 20.000 visitantes e\u00a0de 15.000 durante a pandemia<\/span><\/li><li style=\"font-weight: 400;\" aria-level=\"1\"><span style=\"font-weight: 400;\">13 convidados internacionais, sendo 10 chefs de cozinha, um cientista gastron\u00f4mico e duas especialistas em turismo gastron\u00f4mico. (Argentina, Chile, Col\u00f4mbia, Dinamarca, Espanha, Peru, Venezuela).<\/span><\/li><li style=\"font-weight: 400;\" aria-level=\"1\"><span style=\"font-weight: 400;\">35 chefs de cozinha e especialistas em bebidas brasileiros (Acre, Alagoas, Amazonas, Amap\u00e1, Distrito Federal, Mato Grosso do Sul, Par\u00e1, Paran\u00e1, Rond\u00f4nia, Roraima, S\u00e3o Paulo, Tocantins).<\/span><\/li><li style=\"font-weight: 400;\" aria-level=\"1\"><span style=\"font-weight: 400;\">17 jornalistas\u00a0 de diversos ve\u00edculos (BBC, CNN, Correio Braziliense, Estad\u00e3o, Folha de S\u00e3o Paulo, Folha de Boa Vista, Revistas: Marie Claire, Prazeres da Mesa, Gosto, Menu, Sabor, Bares e Restaurantes; blogs de gastronomia.<\/span><\/li><\/ul>\t\t\t\t\t\t\t\t<\/div>\n\t\t\t\t\t<\/div>\n\t\t<\/div>\n\t\t\t\t<div class=\"elementor-column elementor-col-50 elementor-inner-column elementor-element elementor-element-d0da4af\" data-id=\"d0da4af\" data-element_type=\"column\">\n\t\t\t<div class=\"elementor-widget-wrap elementor-element-populated\">\n\t\t\t\t\t\t<div class=\"elementor-element elementor-element-dc68da6 elementor-widget elementor-widget-image\" data-id=\"dc68da6\" data-element_type=\"widget\" data-widget_type=\"image.default\">\n\t\t\t\t\t\t\t\t\t\t\t\t\t\t\t<img decoding=\"async\" width=\"780\" height=\"478\" src=\"https:\/\/figaamazonia.com.br\/site\/wp-content\/uploads\/2025\/08\/23131.png\" class=\"attachment-large size-large wp-image-251\" alt=\"\" srcset=\"https:\/\/figaamazonia.com.br\/site\/wp-content\/uploads\/2025\/08\/23131.png 780w, https:\/\/figaamazonia.com.br\/site\/wp-content\/uploads\/2025\/08\/23131-500x306.png 500w, https:\/\/figaamazonia.com.br\/site\/wp-content\/uploads\/2025\/08\/23131-300x184.png 300w, https:\/\/figaamazonia.com.br\/site\/wp-content\/uploads\/2025\/08\/23131-768x471.png 768w, https:\/\/figaamazonia.com.br\/site\/wp-content\/uploads\/2025\/08\/23131-122x75.png 122w, https:\/\/figaamazonia.com.br\/site\/wp-content\/uploads\/2025\/08\/23131-480x294.png 480w\" sizes=\"(max-width:767px) 480px, (max-width:780px) 100vw, 780px\" \/>\t\t\t\t\t\t\t\t\t\t\t\t\t\t\t<\/div>\n\t\t\t\t<div class=\"elementor-element elementor-element-675ddaf elementor-widget elementor-widget-image\" data-id=\"675ddaf\" data-element_type=\"widget\" data-widget_type=\"image.default\">\n\t\t\t\t\t\t\t\t\t\t\t\t\t\t\t<img decoding=\"async\" width=\"780\" height=\"478\" src=\"https:\/\/figaamazonia.com.br\/site\/wp-content\/uploads\/2025\/08\/45322.png\" class=\"attachment-large size-large wp-image-252\" alt=\"\" srcset=\"https:\/\/figaamazonia.com.br\/site\/wp-content\/uploads\/2025\/08\/45322.png 780w, https:\/\/figaamazonia.com.br\/site\/wp-content\/uploads\/2025\/08\/45322-500x306.png 500w, https:\/\/figaamazonia.com.br\/site\/wp-content\/uploads\/2025\/08\/45322-300x184.png 300w, https:\/\/figaamazonia.com.br\/site\/wp-content\/uploads\/2025\/08\/45322-768x471.png 768w, https:\/\/figaamazonia.com.br\/site\/wp-content\/uploads\/2025\/08\/45322-122x75.png 122w, https:\/\/figaamazonia.com.br\/site\/wp-content\/uploads\/2025\/08\/45322-480x294.png 480w\" sizes=\"(max-width:767px) 480px, (max-width:780px) 100vw, 780px\" \/>\t\t\t\t\t\t\t\t\t\t\t\t\t\t\t<\/div>\n\t\t\t\t\t<\/div>\n\t\t<\/div>\n\t\t\t\t\t<\/div>\n\t\t<\/section>\n\t\t\t\t\t<\/div>\n\t\t<\/div>\n\t\t\t\t\t<\/div>\n\t\t<\/section>\n\t\t\t\t<\/div>\n\t\t","protected":false},"excerpt":{"rendered":"<p>HIST\u00d3RICO &#8211; FIGA HIST\u00d3RICO DA FEIRA INTERNACIONAL DE GASTRONOMIA AMAZ\u00d4NICA A Feira Internacional de Gastronomia Amaz\u00f4nica (FIGA) \u00e9 o principal evento gastron\u00f4mico da regi\u00e3o Norte, reunindo<span class=\"excerpt-hellip\"> [\u2026]<\/span><\/p>\n","protected":false},"author":1,"featured_media":0,"parent":0,"menu_order":0,"comment_status":"open","ping_status":"closed","template":"","meta":{"footnotes":""},"class_list":["post-79","page","type-page","status-publish","hentry"],"_links":{"self":[{"href":"https:\/\/figaamazonia.com.br\/site\/wp-json\/wp\/v2\/pages\/79","targetHints":{"allow":["GET"]}}],"collection":[{"href":"https:\/\/figaamazonia.com.br\/site\/wp-json\/wp\/v2\/pages"}],"about":[{"href":"https:\/\/figaamazonia.com.br\/site\/wp-json\/wp\/v2\/types\/page"}],"author":[{"embeddable":true,"href":"https:\/\/figaamazonia.com.br\/site\/wp-json\/wp\/v2\/users\/1"}],"replies":[{"embeddable":true,"href":"https:\/\/figaamazonia.com.br\/site\/wp-json\/wp\/v2\/comments?post=79"}],"version-history":[{"count":25,"href":"https:\/\/figaamazonia.com.br\/site\/wp-json\/wp\/v2\/pages\/79\/revisions"}],"predecessor-version":[{"id":528,"href":"https:\/\/figaamazonia.com.br\/site\/wp-json\/wp\/v2\/pages\/79\/revisions\/528"}],"wp:attachment":[{"href":"https:\/\/figaamazonia.com.br\/site\/wp-json\/wp\/v2\/media?parent=79"}],"curies":[{"name":"wp","href":"https:\/\/api.w.org\/{rel}","templated":true}]}}