{"id":358,"date":"2025-09-03T19:25:59","date_gmt":"2025-09-03T19:25:59","guid":{"rendered":"https:\/\/figaamazonia.com.br\/site\/?page_id=358"},"modified":"2025-10-01T22:17:43","modified_gmt":"2025-10-01T22:17:43","slug":"programacao","status":"publish","type":"page","link":"https:\/\/figaamazonia.com.br\/site\/programacao\/","title":{"rendered":"Programa\u00e7\u00e3o"},"content":{"rendered":"\t\t<div data-elementor-type=\"wp-page\" data-elementor-id=\"358\" class=\"elementor elementor-358\" data-elementor-post-type=\"page\">\n\t\t\t\t\t\t<section class=\"elementor-section elementor-top-section elementor-element elementor-element-321c681 elementor-section-stretched elementor-section-boxed elementor-section-height-default elementor-section-height-default\" data-id=\"321c681\" data-element_type=\"section\" data-settings=\"{&quot;stretch_section&quot;:&quot;section-stretched&quot;,&quot;background_background&quot;:&quot;classic&quot;,&quot;shape_divider_top&quot;:&quot;wave-brush&quot;}\">\n\t\t\t\t\t\t\t<div class=\"elementor-background-overlay\"><\/div>\n\t\t\t\t\t\t<div class=\"elementor-shape elementor-shape-top\" aria-hidden=\"true\" data-negative=\"false\">\n\t\t\t<svg xmlns=\"http:\/\/www.w3.org\/2000\/svg\" viewBox=\"0 0 283.5 27.8\" preserveAspectRatio=\"none\">\n\t<path class=\"elementor-shape-fill\" d=\"M283.5,9.7c0,0-7.3,4.3-14,4.6c-6.8,0.3-12.6,0-20.9-1.5c-11.3-2-33.1-10.1-44.7-5.7\ts-12.1,4.6-18,7.4c-6.6,3.2-20,9.6-36.6,9.3C131.6,23.5,99.5,7.2,86.3,8c-1.4,0.1-6.6,0.8-10.5,2c-3.8,1.2-9.4,3.8-17,4.7\tc-3.2,0.4-8.3,1.1-14.2,0.9c-1.5-0.1-6.3-0.4-12-1.6c-5.7-1.2-11-3.1-15.8-3.7C6.5,9.2,0,10.8,0,10.8V0h283.5V9.7z M260.8,11.3\tc-0.7-1-2-0.4-4.3-0.4c-2.3,0-6.1-1.2-5.8-1.1c0.3,0.1,3.1,1.5,6,1.9C259.7,12.2,261.4,12.3,260.8,11.3z M242.4,8.6\tc0,0-2.4-0.2-5.6-0.9c-3.2-0.8-10.3-2.8-15.1-3.5c-8.2-1.1-15.8,0-15.1,0.1c0.8,0.1,9.6-0.6,17.6,1.1c3.3,0.7,9.3,2.2,12.4,2.7\tC239.9,8.7,242.4,8.6,242.4,8.6z M185.2,8.5c1.7-0.7-13.3,4.7-18.5,6.1c-2.1,0.6-6.2,1.6-10,2c-3.9,0.4-8.9,0.4-8.8,0.5\tc0,0.2,5.8,0.8,11.2,0c5.4-0.8,5.2-1.1,7.6-1.6C170.5,14.7,183.5,9.2,185.2,8.5z M199.1,6.9c0.2,0-0.8-0.4-4.8,1.1\tc-4,1.5-6.7,3.5-6.9,3.7c-0.2,0.1,3.5-1.8,6.6-3C197,7.5,199,6.9,199.1,6.9z M283,6c-0.1,0.1-1.9,1.1-4.8,2.5s-6.9,2.8-6.7,2.7\tc0.2,0,3.5-0.6,7.4-2.5C282.8,6.8,283.1,5.9,283,6z M31.3,11.6c0.1-0.2-1.9-0.2-4.5-1.2s-5.4-1.6-7.8-2C15,7.6,7.3,8.5,7.7,8.6\tC8,8.7,15.9,8.3,20.2,9.3c2.2,0.5,2.4,0.5,5.7,1.6S31.2,11.9,31.3,11.6z M73,9.2c0.4-0.1,3.5-1.6,8.4-2.6c4.9-1.1,8.9-0.5,8.9-0.8\tc0-0.3-1-0.9-6.2-0.3S72.6,9.3,73,9.2z M71.6,6.7C71.8,6.8,75,5.4,77.3,5c2.3-0.3,1.9-0.5,1.9-0.6c0-0.1-1.1-0.2-2.7,0.2\tC74.8,5.1,71.4,6.6,71.6,6.7z M93.6,4.4c0.1,0.2,3.5,0.8,5.6,1.8c2.1,1,1.8,0.6,1.9,0.5c0.1-0.1-0.8-0.8-2.4-1.3\tC97.1,4.8,93.5,4.2,93.6,4.4z M65.4,11.1c-0.1,0.3,0.3,0.5,1.9-0.2s2.6-1.3,2.2-1.2s-0.9,0.4-2.5,0.8C65.3,10.9,65.5,10.8,65.4,11.1\tz M34.5,12.4c-0.2,0,2.1,0.8,3.3,0.9c1.2,0.1,2,0.1,2-0.2c0-0.3-0.1-0.5-1.6-0.4C36.6,12.8,34.7,12.4,34.5,12.4z M152.2,21.1\tc-0.1,0.1-2.4-0.3-7.5-0.3c-5,0-13.6-2.4-17.2-3.5c-3.6-1.1,10,3.9,16.5,4.1C150.5,21.6,152.3,21,152.2,21.1z\"\/>\n\t<path class=\"elementor-shape-fill\" d=\"M269.6,18c-0.1-0.1-4.6,0.3-7.2,0c-7.3-0.7-17-3.2-16.6-2.9c0.4,0.3,13.7,3.1,17,3.3\tC267.7,18.8,269.7,18,269.6,18z\"\/>\n\t<path class=\"elementor-shape-fill\" d=\"M227.4,9.8c-0.2-0.1-4.5-1-9.5-1.2c-5-0.2-12.7,0.6-12.3,0.5c0.3-0.1,5.9-1.8,13.3-1.2\tS227.6,9.9,227.4,9.8z\"\/>\n\t<path class=\"elementor-shape-fill\" d=\"M204.5,13.4c-0.1-0.1,2-1,3.2-1.1c1.2-0.1,2,0,2,0.3c0,0.3-0.1,0.5-1.6,0.4\tC206.4,12.9,204.6,13.5,204.5,13.4z\"\/>\n\t<path class=\"elementor-shape-fill\" d=\"M201,10.6c0-0.1-4.4,1.2-6.3,2.2c-1.9,0.9-6.2,3.1-6.1,3.1c0.1,0.1,4.2-1.6,6.3-2.6\tS201,10.7,201,10.6z\"\/>\n\t<path class=\"elementor-shape-fill\" d=\"M154.5,26.7c-0.1-0.1-4.6,0.3-7.2,0c-7.3-0.7-17-3.2-16.6-2.9c0.4,0.3,13.7,3.1,17,3.3\tC152.6,27.5,154.6,26.8,154.5,26.7z\"\/>\n\t<path class=\"elementor-shape-fill\" d=\"M41.9,19.3c0,0,1.2-0.3,2.9-0.1c1.7,0.2,5.8,0.9,8.2,0.7c4.2-0.4,7.4-2.7,7-2.6\tc-0.4,0-4.3,2.2-8.6,1.9c-1.8-0.1-5.1-0.5-6.7-0.4S41.9,19.3,41.9,19.3z\"\/>\n\t<path class=\"elementor-shape-fill\" d=\"M75.5,12.6c0.2,0.1,2-0.8,4.3-1.1c2.3-0.2,2.1-0.3,2.1-0.5c0-0.1-1.8-0.4-3.4,0\tC76.9,11.5,75.3,12.5,75.5,12.6z\"\/>\n\t<path class=\"elementor-shape-fill\" d=\"M15.6,13.2c0-0.1,4.3,0,6.7,0.5c2.4,0.5,5,1.9,5,2c0,0.1-2.7-0.8-5.1-1.4\tC19.9,13.7,15.7,13.3,15.6,13.2z\"\/>\n<\/svg>\t\t<\/div>\n\t\t\t\t\t<div class=\"elementor-container elementor-column-gap-wider\">\n\t\t\t\t\t<div class=\"elementor-column elementor-col-100 elementor-top-column elementor-element elementor-element-6fecb03\" data-id=\"6fecb03\" data-element_type=\"column\">\n\t\t\t<div class=\"elementor-widget-wrap elementor-element-populated\">\n\t\t\t\t\t\t<section class=\"elementor-section elementor-inner-section elementor-element elementor-element-5840544 elementor-section-boxed elementor-section-height-default elementor-section-height-default\" data-id=\"5840544\" data-element_type=\"section\">\n\t\t\t\t\t\t<div class=\"elementor-container elementor-column-gap-wider\">\n\t\t\t\t\t<div class=\"elementor-column elementor-col-100 elementor-inner-column elementor-element elementor-element-53b4ea3\" data-id=\"53b4ea3\" data-element_type=\"column\">\n\t\t\t<div class=\"elementor-widget-wrap elementor-element-populated\">\n\t\t\t\t\t\t<div class=\"elementor-element elementor-element-93ebff4 elementor-widget elementor-widget-heading\" data-id=\"93ebff4\" data-element_type=\"widget\" data-widget_type=\"heading.default\">\n\t\t\t\t\t<h2 class=\"elementor-heading-title elementor-size-default\">FIGA 2025<\/h2>\t\t\t\t<\/div>\n\t\t\t\t<div class=\"elementor-element elementor-element-3ce67c7 elementor-widget elementor-widget-heading\" data-id=\"3ce67c7\" data-element_type=\"widget\" data-widget_type=\"heading.default\">\n\t\t\t\t\t<h2 class=\"elementor-heading-title elementor-size-default\">PROGRAMA\u00c7\u00c3O FIGA PALESTRAS E AULAS SHOW<\/h2>\t\t\t\t<\/div>\n\t\t\t\t\t<\/div>\n\t\t<\/div>\n\t\t\t\t\t<\/div>\n\t\t<\/section>\n\t\t\t\t<section class=\"elementor-section elementor-inner-section elementor-element elementor-element-b40577f elementor-section-boxed elementor-section-height-default elementor-section-height-default\" data-id=\"b40577f\" data-element_type=\"section\">\n\t\t\t\t\t\t<div class=\"elementor-container elementor-column-gap-wider\">\n\t\t\t\t\t<div class=\"elementor-column elementor-col-100 elementor-inner-column elementor-element elementor-element-0e5a97d\" data-id=\"0e5a97d\" data-element_type=\"column\">\n\t\t\t<div class=\"elementor-widget-wrap elementor-element-populated\">\n\t\t\t\t\t\t<div class=\"elementor-element elementor-element-1805012 elementor-widget elementor-widget-text-editor\" data-id=\"1805012\" data-element_type=\"widget\" data-widget_type=\"text-editor.default\">\n\t\t\t\t\t\t\t\t\t<p style=\"text-align: center;\"><span style=\"color: #ffcc00;\"><strong>Dia 03\/10 &#8211; 1\u00aa CONFER\u00caNCIA EMPRESARIAL\u00a0 ABRASEL AMAZONAS<\/strong><\/span><\/p><p><strong><span style=\"color: #ffcc00;\">13:00<\/span><\/strong> &#8211; \u00a0Abertura da Feira<\/p><p><strong><span style=\"color: #ffcc00;\">15:00<\/span><\/strong> \u2013 \u00a0Abertura da <strong><b>1\u00aa Confer\u00eancia Empresarial \u00a0Abrasel Amazonas, <\/b><\/strong><strong><b>Franco Andrade, presidente Abrasel no Amazonas.<\/b><\/strong><\/p><p><strong><span style=\"color: #ffcc00;\">15:30<\/span><\/strong> \u2013 <strong><b>Hist\u00f3ria e bastidores do Sushi Ponta Negra<\/b><\/strong>, case de sucesso com <strong><b>Djalma Pinheiro Neto (Sushi Ponta Negra, Manaus \u2013 AM). <\/b><\/strong><\/p><p><strong><span style=\"color: #ffcc00;\">16:00<\/span><\/strong>\u2013 <strong><b>Ambientes que vendem: Como projetar espa\u00e7os gastron\u00f4micos para a nova gera\u00e7\u00e3o de consumo, <\/b><\/strong><strong><b>Diego Avelino<\/b><\/strong>\u00a0(<strong><b>Diretor de Desenvolvimento da Subway para Am\u00e9rica Latina e Caribe) <\/b><\/strong><\/p><p><strong><span style=\"color: #ffcc00;\">16:30<\/span><\/strong> \u2013 <strong><b>Da Fal\u00eancia ao Milh\u00e3o: Como transformamos uma hamburgueria local em uma rede milion\u00e1ria.<\/b><\/strong>\u00a0<strong><b>Jessica Santos Kniphoff e Leandro Pinto Kniphoff \u00a0(JSK Burguer \u2013 Manaus-AM)<\/b><\/strong><\/p><p><span style=\"color: #ffcc00;\"><strong>17:00<\/strong><\/span> &#8211; <strong><b>\u00a0<\/b><\/strong><strong><b>CEO DE LANCHONETE, existe? Como transformar seu neg\u00f3cio em uma m\u00e1quina de encantamento com rapidez, padr\u00e3o e alma, <\/b><\/strong><strong><b>Pedro Henrique Leite (CEO do grupo Azilados, Fortaleza- CE)<\/b><\/strong><\/p><p><strong><span style=\"color: #ffcc00;\">17:30<\/span><\/strong> &#8211; Visita dos convidados a feira<\/p><p><strong><span style=\"color: #ffcc00;\">19:00<\/span><\/strong> &#8211; Solenidade de abertura<\/p>\t\t\t\t\t\t\t\t<\/div>\n\t\t\t\t\t<\/div>\n\t\t<\/div>\n\t\t\t\t\t<\/div>\n\t\t<\/section>\n\t\t\t\t\t<\/div>\n\t\t<\/div>\n\t\t\t\t\t<\/div>\n\t\t<\/section>\n\t\t\t\t<section class=\"elementor-section elementor-top-section elementor-element elementor-element-ea922a2 elementor-section-stretched elementor-section-boxed elementor-section-height-default elementor-section-height-default\" data-id=\"ea922a2\" data-element_type=\"section\" data-settings=\"{&quot;stretch_section&quot;:&quot;section-stretched&quot;,&quot;background_background&quot;:&quot;classic&quot;}\">\n\t\t\t\t\t\t\t<div class=\"elementor-background-overlay\"><\/div>\n\t\t\t\t\t\t\t<div class=\"elementor-container elementor-column-gap-wider\">\n\t\t\t\t\t<div class=\"elementor-column elementor-col-100 elementor-top-column elementor-element elementor-element-e5f1dce\" data-id=\"e5f1dce\" data-element_type=\"column\">\n\t\t\t<div class=\"elementor-widget-wrap elementor-element-populated\">\n\t\t\t\t\t\t<div class=\"elementor-element elementor-element-a63b740 elementor-widget elementor-widget-text-editor\" data-id=\"a63b740\" data-element_type=\"widget\" data-widget_type=\"text-editor.default\">\n\t\t\t\t\t\t\t\t\t<p style=\"text-align: center;\"><span style=\"color: #339966;\"><strong>Dia 04\/10<\/strong><\/span><\/p><p><strong><b><span style=\"color: #339966;\">15:00<\/span> <span style=\"color: #333333;\">\u2013 \u00a0Sabores que conservam a Amaz\u00f4nia, palestrante<\/span><\/b><\/strong><span style=\"color: #333333;\">\u00a0<strong><b>Diana Mora, Funda\u00e7\u00e3o Pachamama e Chef Esteban Tapia, Universidade San Francisco de Quito\/ Equador<\/b><\/strong><\/span><\/p><p><span style=\"color: #333333;\"><strong><b><span style=\"color: #339966;\">15h40 <\/span>&#8211; <\/b><\/strong>Intervalo<\/span><\/p><p><span style=\"color: #333333;\"><strong><b><span style=\"color: #339966;\">16:00<\/span> \u2013 Conhe\u00e7a a Bottarga Amaz\u00f4nica, <\/b><\/strong><strong><b>Chef Hiroya Takano (restaurante Shin Suzuran\/AM) \u00a0\u00a0<\/b><\/strong><\/span><\/p><p><span style=\"color: #333333;\"><strong><b><span style=\"color: #339966;\">16:40<\/span> &#8211; Intervalo<\/b><\/strong><\/span><\/p><p><span style=\"color: #333333;\"><strong><b><span style=\"color: #339966;\">17:00 <\/span>\u2013 Quando o Pantanal encontra a Amaz\u00f4nia, <\/b><\/strong><strong><b>Chef Ariani Malouf (restaurante Mahalo\/MT) \u00a0<\/b><\/strong><\/span><\/p><p><span style=\"color: #333333;\"><strong><b><span style=\"color: #339966;\">17:40<\/span> &#8211;<\/b><\/strong>\u00a0Intervalo<\/span><\/p><p><span style=\"color: #333333;\"><strong><b><span style=\"color: #339966;\">18:00<\/span> \u00a0&#8211; \u00a0Projeto Gigantio \u2013 origem, inova\u00e7\u00e3o e valor para o Manejo do Pirarucu na Amaz\u00f4nia, palestrante<\/b><\/strong><strong><b>\u00a0Wildney Mour\u00e3o, gerente de empreendedorismo da FAS (Funda\u00e7\u00e3o Amaz\u00f4nia Sustent\u00e1vel\/ AM)<\/b><\/strong><\/span><\/p><p><span style=\"color: #333333;\"><strong><b><span style=\"color: #339966;\">18:40 <\/span>&#8211; <\/b><\/strong>Intervalo<\/span><\/p><p><span style=\"color: #333333;\"><strong><b><span style=\"color: #339966;\">19:00<\/span> \u2013 \u00a0Contraste da Amaz\u00f4nia e suas diferen\u00e7as nas florestas bolivianas, <\/b><\/strong><strong><b>Chef Marsia Taha (Restaurante Arami, La Paz\/Bol\u00edvia).<\/b><\/strong><\/span><\/p><p><span style=\"color: #333333;\"><strong><span style=\"color: #339966;\">21:00<\/span><b> \u2013 Encerramento<\/b><\/strong><\/span><\/p><p><span style=\"color: #333333;\"><strong><b>\u00a0<\/b><\/strong><\/span><\/p>\t\t\t\t\t\t\t\t<\/div>\n\t\t\t\t\t<\/div>\n\t\t<\/div>\n\t\t\t\t\t<\/div>\n\t\t<\/section>\n\t\t\t\t<section class=\"elementor-section elementor-top-section elementor-element elementor-element-2851ea1 elementor-section-stretched elementor-section-boxed elementor-section-height-default elementor-section-height-default\" data-id=\"2851ea1\" data-element_type=\"section\" data-settings=\"{&quot;stretch_section&quot;:&quot;section-stretched&quot;,&quot;background_background&quot;:&quot;classic&quot;,&quot;shape_divider_top&quot;:&quot;wave-brush&quot;}\">\n\t\t\t\t\t\t\t<div class=\"elementor-background-overlay\"><\/div>\n\t\t\t\t\t\t<div class=\"elementor-shape elementor-shape-top\" aria-hidden=\"true\" data-negative=\"false\">\n\t\t\t<svg xmlns=\"http:\/\/www.w3.org\/2000\/svg\" viewBox=\"0 0 283.5 27.8\" preserveAspectRatio=\"none\">\n\t<path class=\"elementor-shape-fill\" d=\"M283.5,9.7c0,0-7.3,4.3-14,4.6c-6.8,0.3-12.6,0-20.9-1.5c-11.3-2-33.1-10.1-44.7-5.7\ts-12.1,4.6-18,7.4c-6.6,3.2-20,9.6-36.6,9.3C131.6,23.5,99.5,7.2,86.3,8c-1.4,0.1-6.6,0.8-10.5,2c-3.8,1.2-9.4,3.8-17,4.7\tc-3.2,0.4-8.3,1.1-14.2,0.9c-1.5-0.1-6.3-0.4-12-1.6c-5.7-1.2-11-3.1-15.8-3.7C6.5,9.2,0,10.8,0,10.8V0h283.5V9.7z M260.8,11.3\tc-0.7-1-2-0.4-4.3-0.4c-2.3,0-6.1-1.2-5.8-1.1c0.3,0.1,3.1,1.5,6,1.9C259.7,12.2,261.4,12.3,260.8,11.3z M242.4,8.6\tc0,0-2.4-0.2-5.6-0.9c-3.2-0.8-10.3-2.8-15.1-3.5c-8.2-1.1-15.8,0-15.1,0.1c0.8,0.1,9.6-0.6,17.6,1.1c3.3,0.7,9.3,2.2,12.4,2.7\tC239.9,8.7,242.4,8.6,242.4,8.6z M185.2,8.5c1.7-0.7-13.3,4.7-18.5,6.1c-2.1,0.6-6.2,1.6-10,2c-3.9,0.4-8.9,0.4-8.8,0.5\tc0,0.2,5.8,0.8,11.2,0c5.4-0.8,5.2-1.1,7.6-1.6C170.5,14.7,183.5,9.2,185.2,8.5z M199.1,6.9c0.2,0-0.8-0.4-4.8,1.1\tc-4,1.5-6.7,3.5-6.9,3.7c-0.2,0.1,3.5-1.8,6.6-3C197,7.5,199,6.9,199.1,6.9z M283,6c-0.1,0.1-1.9,1.1-4.8,2.5s-6.9,2.8-6.7,2.7\tc0.2,0,3.5-0.6,7.4-2.5C282.8,6.8,283.1,5.9,283,6z M31.3,11.6c0.1-0.2-1.9-0.2-4.5-1.2s-5.4-1.6-7.8-2C15,7.6,7.3,8.5,7.7,8.6\tC8,8.7,15.9,8.3,20.2,9.3c2.2,0.5,2.4,0.5,5.7,1.6S31.2,11.9,31.3,11.6z M73,9.2c0.4-0.1,3.5-1.6,8.4-2.6c4.9-1.1,8.9-0.5,8.9-0.8\tc0-0.3-1-0.9-6.2-0.3S72.6,9.3,73,9.2z M71.6,6.7C71.8,6.8,75,5.4,77.3,5c2.3-0.3,1.9-0.5,1.9-0.6c0-0.1-1.1-0.2-2.7,0.2\tC74.8,5.1,71.4,6.6,71.6,6.7z M93.6,4.4c0.1,0.2,3.5,0.8,5.6,1.8c2.1,1,1.8,0.6,1.9,0.5c0.1-0.1-0.8-0.8-2.4-1.3\tC97.1,4.8,93.5,4.2,93.6,4.4z M65.4,11.1c-0.1,0.3,0.3,0.5,1.9-0.2s2.6-1.3,2.2-1.2s-0.9,0.4-2.5,0.8C65.3,10.9,65.5,10.8,65.4,11.1\tz M34.5,12.4c-0.2,0,2.1,0.8,3.3,0.9c1.2,0.1,2,0.1,2-0.2c0-0.3-0.1-0.5-1.6-0.4C36.6,12.8,34.7,12.4,34.5,12.4z M152.2,21.1\tc-0.1,0.1-2.4-0.3-7.5-0.3c-5,0-13.6-2.4-17.2-3.5c-3.6-1.1,10,3.9,16.5,4.1C150.5,21.6,152.3,21,152.2,21.1z\"\/>\n\t<path class=\"elementor-shape-fill\" d=\"M269.6,18c-0.1-0.1-4.6,0.3-7.2,0c-7.3-0.7-17-3.2-16.6-2.9c0.4,0.3,13.7,3.1,17,3.3\tC267.7,18.8,269.7,18,269.6,18z\"\/>\n\t<path class=\"elementor-shape-fill\" d=\"M227.4,9.8c-0.2-0.1-4.5-1-9.5-1.2c-5-0.2-12.7,0.6-12.3,0.5c0.3-0.1,5.9-1.8,13.3-1.2\tS227.6,9.9,227.4,9.8z\"\/>\n\t<path class=\"elementor-shape-fill\" d=\"M204.5,13.4c-0.1-0.1,2-1,3.2-1.1c1.2-0.1,2,0,2,0.3c0,0.3-0.1,0.5-1.6,0.4\tC206.4,12.9,204.6,13.5,204.5,13.4z\"\/>\n\t<path class=\"elementor-shape-fill\" d=\"M201,10.6c0-0.1-4.4,1.2-6.3,2.2c-1.9,0.9-6.2,3.1-6.1,3.1c0.1,0.1,4.2-1.6,6.3-2.6\tS201,10.7,201,10.6z\"\/>\n\t<path class=\"elementor-shape-fill\" d=\"M154.5,26.7c-0.1-0.1-4.6,0.3-7.2,0c-7.3-0.7-17-3.2-16.6-2.9c0.4,0.3,13.7,3.1,17,3.3\tC152.6,27.5,154.6,26.8,154.5,26.7z\"\/>\n\t<path class=\"elementor-shape-fill\" d=\"M41.9,19.3c0,0,1.2-0.3,2.9-0.1c1.7,0.2,5.8,0.9,8.2,0.7c4.2-0.4,7.4-2.7,7-2.6\tc-0.4,0-4.3,2.2-8.6,1.9c-1.8-0.1-5.1-0.5-6.7-0.4S41.9,19.3,41.9,19.3z\"\/>\n\t<path class=\"elementor-shape-fill\" d=\"M75.5,12.6c0.2,0.1,2-0.8,4.3-1.1c2.3-0.2,2.1-0.3,2.1-0.5c0-0.1-1.8-0.4-3.4,0\tC76.9,11.5,75.3,12.5,75.5,12.6z\"\/>\n\t<path class=\"elementor-shape-fill\" d=\"M15.6,13.2c0-0.1,4.3,0,6.7,0.5c2.4,0.5,5,1.9,5,2c0,0.1-2.7-0.8-5.1-1.4\tC19.9,13.7,15.7,13.3,15.6,13.2z\"\/>\n<\/svg>\t\t<\/div>\n\t\t\t\t\t<div class=\"elementor-container elementor-column-gap-wider\">\n\t\t\t\t\t<div class=\"elementor-column elementor-col-100 elementor-top-column elementor-element elementor-element-2568bb0\" data-id=\"2568bb0\" data-element_type=\"column\">\n\t\t\t<div class=\"elementor-widget-wrap elementor-element-populated\">\n\t\t\t\t\t\t<section class=\"elementor-section elementor-inner-section elementor-element elementor-element-fe2b7c1 elementor-section-boxed elementor-section-height-default elementor-section-height-default\" data-id=\"fe2b7c1\" data-element_type=\"section\">\n\t\t\t\t\t\t<div class=\"elementor-container elementor-column-gap-wider\">\n\t\t\t\t\t<div class=\"elementor-column elementor-col-100 elementor-inner-column elementor-element elementor-element-3a773ff\" data-id=\"3a773ff\" data-element_type=\"column\">\n\t\t\t<div class=\"elementor-widget-wrap elementor-element-populated\">\n\t\t\t\t\t\t<div class=\"elementor-element elementor-element-112e95a elementor-widget elementor-widget-text-editor\" data-id=\"112e95a\" data-element_type=\"widget\" data-widget_type=\"text-editor.default\">\n\t\t\t\t\t\t\t\t\t<p style=\"text-align: center;\"><span style=\"color: #ffcc00;\"><strong>Dia 05\/10<\/strong><\/span><\/p><p><strong><b><span style=\"color: #ffcc00;\">15:00<\/span> \u2013 Roda de Conversa (TALK) \u201cAri\u00e1, um alimento de mem\u00f3ria afetiva\u201d. <\/b><\/strong>Com <strong><b>Noemia Kazue (INPA) e Eli Minev (AM)<\/b><\/strong>\u00a0.<\/p><p><strong><b><span style=\"color: #ffcc00;\">15h40<\/span> &#8211; Intervalo<\/b><\/strong><\/p><p><strong><b><span style=\"color: #ffcc00;\">16:00<\/span> \u2013 Projeto de empreendedorismo nas comunidades, <\/b><\/strong><strong><b>Chef Val Cabral (Le Gateau Coxinhas, Cuiab\u00e1\/MT)<\/b><\/strong>\u00a0<\/p><p><strong><b><span style=\"color: #ffcc00;\">16:40<\/span> &#8211; Intervalo <\/b><\/strong><\/p><p><strong><b><span style=\"color: #ffcc00;\">17:00<\/span> \u2013 \u00a0Manaus das catraias para o mundo <\/b><\/strong><strong><b>Chef Selma Reis ( Restaurante Zefinha &#8211; Manaus\/AM)<\/b><\/strong><\/p><p><strong><b><span style=\"color: #ffcc00;\">17:40<\/span> \u2013 Intervalo<\/b><\/strong><\/p><p><strong><b><span style=\"color: #ffcc00;\">18:00<\/span> &#8211; Uma viagem pelas bebidas no Brasil: do per\u00edodo colonial aos dias atuais. <\/b><\/strong><strong><b>C\u00e9sar Adames (P\u00f3s-gradua\u00e7\u00e3o de Cozinha Brasileira Senac\/SP)<\/b><\/strong>\u00a0<\/p><p><strong><b><span style=\"color: #ffcc00;\">18h40 <\/span>&#8211; Intervalo<\/b><\/strong><\/p><p><span style=\"color: #ffcc00;\"><strong><b>19:00 <\/b><\/strong><\/span>\u2013 \u00a0<strong><b>Cozinha da Amaz\u00f4nia Equatoriana <\/b><\/strong><strong><b>Chef Esteban Tapia, Universidade San Francisco de Quito\/Equador<\/b><\/strong><\/p><p><strong><b><span style=\"color: #ffcc00;\">21:00<\/span> &#8211; Encerramento<\/b><\/strong><\/p>\t\t\t\t\t\t\t\t<\/div>\n\t\t\t\t\t<\/div>\n\t\t<\/div>\n\t\t\t\t\t<\/div>\n\t\t<\/section>\n\t\t\t\t\t<\/div>\n\t\t<\/div>\n\t\t\t\t\t<\/div>\n\t\t<\/section>\n\t\t\t\t<\/div>\n\t\t","protected":false},"excerpt":{"rendered":"<p>FIGA 2025 PROGRAMA\u00c7\u00c3O FIGA PALESTRAS E AULAS SHOW Dia 03\/10 &#8211; 1\u00aa CONFER\u00caNCIA EMPRESARIAL\u00a0 ABRASEL AMAZONAS 13:00 &#8211; \u00a0Abertura da Feira 15:00 \u2013 \u00a0Abertura da 1\u00aa<span class=\"excerpt-hellip\"> [\u2026]<\/span><\/p>\n","protected":false},"author":1,"featured_media":0,"parent":0,"menu_order":0,"comment_status":"open","ping_status":"closed","template":"","meta":{"footnotes":""},"class_list":["post-358","page","type-page","status-publish","hentry"],"_links":{"self":[{"href":"https:\/\/figaamazonia.com.br\/site\/wp-json\/wp\/v2\/pages\/358","targetHints":{"allow":["GET"]}}],"collection":[{"href":"https:\/\/figaamazonia.com.br\/site\/wp-json\/wp\/v2\/pages"}],"about":[{"href":"https:\/\/figaamazonia.com.br\/site\/wp-json\/wp\/v2\/types\/page"}],"author":[{"embeddable":true,"href":"https:\/\/figaamazonia.com.br\/site\/wp-json\/wp\/v2\/users\/1"}],"replies":[{"embeddable":true,"href":"https:\/\/figaamazonia.com.br\/site\/wp-json\/wp\/v2\/comments?post=358"}],"version-history":[{"count":43,"href":"https:\/\/figaamazonia.com.br\/site\/wp-json\/wp\/v2\/pages\/358\/revisions"}],"predecessor-version":[{"id":857,"href":"https:\/\/figaamazonia.com.br\/site\/wp-json\/wp\/v2\/pages\/358\/revisions\/857"}],"wp:attachment":[{"href":"https:\/\/figaamazonia.com.br\/site\/wp-json\/wp\/v2\/media?parent=358"}],"curies":[{"name":"wp","href":"https:\/\/api.w.org\/{rel}","templated":true}]}}