{"id":304,"date":"2025-08-06T05:12:05","date_gmt":"2025-08-06T05:12:05","guid":{"rendered":"https:\/\/figaamazonia.com.br\/?page_id=304"},"modified":"2025-08-06T05:19:44","modified_gmt":"2025-08-06T05:19:44","slug":"noticias","status":"publish","type":"page","link":"https:\/\/figaamazonia.com.br\/site\/noticias\/","title":{"rendered":"Not\u00edcias"},"content":{"rendered":"\t\t<div data-elementor-type=\"wp-page\" data-elementor-id=\"304\" class=\"elementor elementor-304\" data-elementor-post-type=\"page\">\n\t\t\t\t\t\t<section class=\"elementor-section elementor-top-section elementor-element elementor-element-ea922a2 elementor-section-stretched elementor-section-boxed elementor-section-height-default elementor-section-height-default\" data-id=\"ea922a2\" data-element_type=\"section\" data-settings=\"{&quot;stretch_section&quot;:&quot;section-stretched&quot;,&quot;background_background&quot;:&quot;classic&quot;}\">\n\t\t\t\t\t\t\t<div class=\"elementor-background-overlay\"><\/div>\n\t\t\t\t\t\t\t<div class=\"elementor-container elementor-column-gap-wider\">\n\t\t\t\t\t<div class=\"elementor-column elementor-col-100 elementor-top-column elementor-element elementor-element-aa18385\" data-id=\"aa18385\" data-element_type=\"column\">\n\t\t\t<div class=\"elementor-widget-wrap elementor-element-populated\">\n\t\t\t\t\t\t<section class=\"elementor-section elementor-inner-section elementor-element elementor-element-fce48d7 elementor-section-boxed elementor-section-height-default elementor-section-height-default\" data-id=\"fce48d7\" data-element_type=\"section\" data-settings=\"{&quot;background_background&quot;:&quot;classic&quot;}\">\n\t\t\t\t\t\t<div class=\"elementor-container elementor-column-gap-default\">\n\t\t\t\t\t<div class=\"elementor-column elementor-col-100 elementor-inner-column elementor-element elementor-element-011e4aa\" data-id=\"011e4aa\" data-element_type=\"column\">\n\t\t\t<div class=\"elementor-widget-wrap elementor-element-populated\">\n\t\t\t\t\t\t<div class=\"elementor-element elementor-element-5069515 elementor-widget elementor-widget-text-editor\" data-id=\"5069515\" data-element_type=\"widget\" data-widget_type=\"text-editor.default\">\n\t\t\t\t\t\t\t\t\t<h6>FIQUE POR DENTRO DAS NOVIDADES E NOT\u00cdCIAS DA FIGA<\/h6><h2>NOT\u00cdCIAS E NOVIDADES<\/h2>\t\t\t\t\t\t\t\t<\/div>\n\t\t\t\t<div class=\"elementor-element elementor-element-9dddccb elementor-widget elementor-widget-mfn_blog\" data-id=\"9dddccb\" data-element_type=\"widget\" data-widget_type=\"mfn_blog.default\">\n\t\t\t\t<div class=\"elementor-widget-container\">\n\t\t\t\t\t<div class=\"column_filters\"><div class=\"blog_wrapper isotope_wrapper clearfix\"><div class=\"posts_group lm_wrapper element_classes col-3 grid hide-more\"><article class=\"post post-item isotope-item clearfix category-4 post-733 type-post status-publish format-standard has-post-thumbnail hentry category-lancamentos\" style=\"\"><div class=\"date_label\">setembro 17, 2025<\/div><div class=\"image_frame post-photo-wrapper scale-with-grid image\"><div class=\"image_wrapper\"><a href=\"https:\/\/figaamazonia.com.br\/site\/2025\/09\/17\/siteoficialfiga\/\"><div class=\"mask\"><\/div><img fetchpriority=\"high\" decoding=\"async\" width=\"960\" height=\"720\" src=\"https:\/\/figaamazonia.com.br\/site\/wp-content\/uploads\/2025\/09\/envato-labs-image-edit-6-960x720.png\" class=\"scale-with-grid wp-post-image\" alt=\"\" \/><\/a><div class=\"image_links double\"><a class=\"zoom \"  rel=\"prettyphoto\" href=\"https:\/\/figaamazonia.com.br\/site\/wp-content\/uploads\/2025\/09\/envato-labs-image-edit-6.png\"><svg viewBox=\"0 0 26 26\"><defs><style>.path{fill:none;stroke:#333;stroke-miterlimit:10;stroke-width:1.5px;}<\/style><\/defs><circle cx=\"11.35\" cy=\"11.35\" r=\"6\" class=\"path\"><\/circle><line x1=\"15.59\" y1=\"15.59\" x2=\"20.65\" y2=\"20.65\" class=\"path\"><\/line><\/svg><\/a><a class=\"link \"  href=\"https:\/\/figaamazonia.com.br\/site\/2025\/09\/17\/siteoficialfiga\/\"><svg viewBox=\"0 0 26 26\"><defs><style>.path{fill:none;stroke:#333;stroke-miterlimit:10;stroke-width:1.5px;}<\/style><\/defs><g><path d=\"M10.17,8.76l2.12-2.12a5,5,0,0,1,7.07,0h0a5,5,0,0,1,0,7.07l-2.12,2.12\" class=\"path\"><\/path><path d=\"M15.83,17.24l-2.12,2.12a5,5,0,0,1-7.07,0h0a5,5,0,0,1,0-7.07l2.12-2.12\" class=\"path\"><\/path><line x1=\"10.17\" y1=\"15.83\" x2=\"15.83\" y2=\"10.17\" class=\"path\"><\/line><\/g><\/svg><\/a><\/div><\/div><\/div><div class=\"post-desc-wrapper bg- has-custom-bg\" style=\"\"><div class=\"post-desc\"><div class=\"post-head\"><div class=\"post-meta clearfix\"><div class=\"author-date\"><span class=\"vcard author post-author\"><span class=\"label\">Publicado por <\/span><i class=\"icon-user\" aria-label=\"autor\"><\/i> <span class=\"fn\"><a href=\"https:\/\/figaamazonia.com.br\/site\/author\/bgdesigner\/\">bgdesigner<\/a><\/span><\/span> <span class=\"date\"><span class=\"label\">on <\/span><i class=\"icon-clock\"><\/i> <span class=\"post-date updated\">setembro 17, 2025<\/span><\/span><\/div><\/div><\/div><div class=\"post-title\"><h3 class=\"entry-title \" itemprop=\"headline\"><a href=\"https:\/\/figaamazonia.com.br\/site\/2025\/09\/17\/siteoficialfiga\/\">Site oficial da FIGA 2025 entra no ar com programa\u00e7\u00e3o completa e credenciamento de p\u00fablico e imprensa<\/a><\/h3><\/div><div class=\"post-excerpt\">Portal re\u00fane informa\u00e7\u00f5es sobre palestrantes, atividades e novidades da maior feira gastron\u00f4mica da Amaz\u00f4nia A Feira Internacional de Gastronomia Amaz\u00f4nica (FIGA) j\u00e1 est\u00e1 com seu site<span class=\"excerpt-hellip\"> [\u2026]<\/span><\/div><div class=\"post-footer\"><div class=\"button-love\"><span class=\"love-text\">Voc\u00ea gosta disso?<\/span><a href=\"#\" class=\"mfn-love \" data-id=\"733\"><span class=\"icons-wrapper\"><i class=\"icon-heart-empty-fa\"><\/i><i class=\"icon-heart-fa\"><\/i><\/span><span class=\"label\">0<\/span><\/a><\/div><div class=\"post-links\"><i class=\"icon-comment-empty-fa\" aria-label=\"n\u00famero de coment\u00e1rios\"><\/i> <a href=\"https:\/\/figaamazonia.com.br\/site\/2025\/09\/17\/siteoficialfiga\/#respond\" class=\"post-comments\">0<\/a><i class=\"read-more-icon icon-doc-text-inv\" aria-hidden=\"true\"><\/i> <a href=\"https:\/\/figaamazonia.com.br\/site\/2025\/09\/17\/siteoficialfiga\/\" class=\"post-more\">Ler Mais<\/a><\/div><\/div><\/div><\/div><\/article><article class=\"post post-item isotope-item clearfix category-4 post-708 type-post status-publish format-standard has-post-thumbnail hentry category-lancamentos\" style=\"\"><div class=\"date_label\">setembro 15, 2025<\/div><div class=\"image_frame post-photo-wrapper scale-with-grid image\"><div class=\"image_wrapper\"><a href=\"https:\/\/figaamazonia.com.br\/site\/2025\/09\/15\/figa-2025\/\"><div class=\"mask\"><\/div><img decoding=\"async\" width=\"960\" height=\"720\" src=\"https:\/\/figaamazonia.com.br\/site\/wp-content\/uploads\/2025\/08\/DSC_7669-960x720.jpg\" class=\"scale-with-grid wp-post-image\" alt=\"\" \/><\/a><div class=\"image_links double\"><a class=\"zoom \"  rel=\"prettyphoto\" href=\"https:\/\/figaamazonia.com.br\/site\/wp-content\/uploads\/2025\/08\/DSC_7669-1200x800.jpg\"><svg viewBox=\"0 0 26 26\"><defs><style>.path{fill:none;stroke:#333;stroke-miterlimit:10;stroke-width:1.5px;}<\/style><\/defs><circle cx=\"11.35\" cy=\"11.35\" r=\"6\" class=\"path\"><\/circle><line x1=\"15.59\" y1=\"15.59\" x2=\"20.65\" y2=\"20.65\" class=\"path\"><\/line><\/svg><\/a><a class=\"link \"  href=\"https:\/\/figaamazonia.com.br\/site\/2025\/09\/15\/figa-2025\/\"><svg viewBox=\"0 0 26 26\"><defs><style>.path{fill:none;stroke:#333;stroke-miterlimit:10;stroke-width:1.5px;}<\/style><\/defs><g><path d=\"M10.17,8.76l2.12-2.12a5,5,0,0,1,7.07,0h0a5,5,0,0,1,0,7.07l-2.12,2.12\" class=\"path\"><\/path><path d=\"M15.83,17.24l-2.12,2.12a5,5,0,0,1-7.07,0h0a5,5,0,0,1,0-7.07l2.12-2.12\" class=\"path\"><\/path><line x1=\"10.17\" y1=\"15.83\" x2=\"15.83\" y2=\"10.17\" class=\"path\"><\/line><\/g><\/svg><\/a><\/div><\/div><\/div><div class=\"post-desc-wrapper bg- has-custom-bg\" style=\"\"><div class=\"post-desc\"><div class=\"post-head\"><div class=\"post-meta clearfix\"><div class=\"author-date\"><span class=\"vcard author post-author\"><span class=\"label\">Publicado por <\/span><i class=\"icon-user\" aria-label=\"autor\"><\/i> <span class=\"fn\"><a href=\"https:\/\/figaamazonia.com.br\/site\/author\/bgdesigner\/\">bgdesigner<\/a><\/span><\/span> <span class=\"date\"><span class=\"label\">on <\/span><i class=\"icon-clock\"><\/i> <span class=\"post-date updated\">setembro 15, 2025<\/span><\/span><\/div><\/div><\/div><div class=\"post-title\"><h3 class=\"entry-title \" itemprop=\"headline\"><a href=\"https:\/\/figaamazonia.com.br\/site\/2025\/09\/15\/figa-2025\/\">FIGA 2025 define programa\u00e7\u00e3o oficial com chefs internacionais e empreendedores de sucesso<\/a><\/h3><\/div><div class=\"post-excerpt\">Feira Internacional de Gastronomia Amaz\u00f4nica acontece de 3 a 5 de outubro em Manaus e re\u00fane grandes nomes da culin\u00e1ria mundial A capital amazonense ser\u00e1 palco,<span class=\"excerpt-hellip\"> [\u2026]<\/span><\/div><div class=\"post-footer\"><div class=\"button-love\"><span class=\"love-text\">Voc\u00ea gosta disso?<\/span><a href=\"#\" class=\"mfn-love \" data-id=\"708\"><span class=\"icons-wrapper\"><i class=\"icon-heart-empty-fa\"><\/i><i class=\"icon-heart-fa\"><\/i><\/span><span class=\"label\">0<\/span><\/a><\/div><div class=\"post-links\"><i class=\"icon-comment-empty-fa\" aria-label=\"n\u00famero de coment\u00e1rios\"><\/i> <a href=\"https:\/\/figaamazonia.com.br\/site\/2025\/09\/15\/figa-2025\/#respond\" class=\"post-comments\">0<\/a><i class=\"read-more-icon icon-doc-text-inv\" aria-hidden=\"true\"><\/i> <a href=\"https:\/\/figaamazonia.com.br\/site\/2025\/09\/15\/figa-2025\/\" class=\"post-more\">Ler Mais<\/a><\/div><\/div><\/div><\/div><\/article><article class=\"post post-item isotope-item clearfix category-4 post-150 type-post status-publish format-standard has-post-thumbnail hentry category-lancamentos\" style=\"\"><div class=\"date_label\">agosto 5, 2025<\/div><div class=\"image_frame post-photo-wrapper scale-with-grid image\"><div class=\"image_wrapper\"><a href=\"https:\/\/figaamazonia.com.br\/site\/2025\/08\/05\/feira\/\"><div class=\"mask\"><\/div><img decoding=\"async\" width=\"960\" height=\"720\" src=\"https:\/\/figaamazonia.com.br\/site\/wp-content\/uploads\/2025\/08\/envato-labs-image-edit-7-960x720.png\" class=\"scale-with-grid wp-post-image\" alt=\"\" \/><\/a><div class=\"image_links double\"><a class=\"zoom \"  rel=\"prettyphoto\" href=\"https:\/\/figaamazonia.com.br\/site\/wp-content\/uploads\/2025\/08\/envato-labs-image-edit-7-1200x806.png\"><svg viewBox=\"0 0 26 26\"><defs><style>.path{fill:none;stroke:#333;stroke-miterlimit:10;stroke-width:1.5px;}<\/style><\/defs><circle cx=\"11.35\" cy=\"11.35\" r=\"6\" class=\"path\"><\/circle><line x1=\"15.59\" y1=\"15.59\" x2=\"20.65\" y2=\"20.65\" class=\"path\"><\/line><\/svg><\/a><a class=\"link \"  href=\"https:\/\/figaamazonia.com.br\/site\/2025\/08\/05\/feira\/\"><svg viewBox=\"0 0 26 26\"><defs><style>.path{fill:none;stroke:#333;stroke-miterlimit:10;stroke-width:1.5px;}<\/style><\/defs><g><path d=\"M10.17,8.76l2.12-2.12a5,5,0,0,1,7.07,0h0a5,5,0,0,1,0,7.07l-2.12,2.12\" class=\"path\"><\/path><path d=\"M15.83,17.24l-2.12,2.12a5,5,0,0,1-7.07,0h0a5,5,0,0,1,0-7.07l2.12-2.12\" class=\"path\"><\/path><line x1=\"10.17\" y1=\"15.83\" x2=\"15.83\" y2=\"10.17\" class=\"path\"><\/line><\/g><\/svg><\/a><\/div><\/div><\/div><div class=\"post-desc-wrapper bg- has-custom-bg\" style=\"\"><div class=\"post-desc\"><div class=\"post-head\"><div class=\"post-meta clearfix\"><div class=\"author-date\"><span class=\"vcard author post-author\"><span class=\"label\">Publicado por <\/span><i class=\"icon-user\" aria-label=\"autor\"><\/i> <span class=\"fn\"><a href=\"https:\/\/figaamazonia.com.br\/site\/author\/figa\/\">Figa 2025<\/a><\/span><\/span> <span class=\"date\"><span class=\"label\">on <\/span><i class=\"icon-clock\"><\/i> <span class=\"post-date updated\">agosto 5, 2025<\/span><\/span><\/div><\/div><\/div><div class=\"post-title\"><h3 class=\"entry-title \" itemprop=\"headline\"><a href=\"https:\/\/figaamazonia.com.br\/site\/2025\/08\/05\/feira\/\">Est\u00e1 chegando a maior feira Gastron\u00f4mica da Amaz\u00f4nia<\/a><\/h3><\/div><div class=\"post-excerpt\">Estamos h\u00e1 vinte dias da sexta edi\u00e7\u00e3o da Feira Internacional de Gastronomia Amaz\u00f4nica, FIGA, que acontecer\u00e1 nos dias 3 a 5 de outubro, em Manaus (AM),<span class=\"excerpt-hellip\"> [\u2026]<\/span><\/div><div class=\"post-footer\"><div class=\"button-love\"><span class=\"love-text\">Voc\u00ea gosta disso?<\/span><a href=\"#\" class=\"mfn-love \" data-id=\"150\"><span class=\"icons-wrapper\"><i class=\"icon-heart-empty-fa\"><\/i><i class=\"icon-heart-fa\"><\/i><\/span><span class=\"label\">0<\/span><\/a><\/div><div class=\"post-links\"><i class=\"icon-comment-empty-fa\" aria-label=\"n\u00famero de coment\u00e1rios\"><\/i> <a href=\"https:\/\/figaamazonia.com.br\/site\/2025\/08\/05\/feira\/#respond\" class=\"post-comments\">0<\/a><i class=\"read-more-icon icon-doc-text-inv\" aria-hidden=\"true\"><\/i> <a href=\"https:\/\/figaamazonia.com.br\/site\/2025\/08\/05\/feira\/\" class=\"post-more\">Ler Mais<\/a><\/div><\/div><\/div><\/div><\/article><\/div><\/div>\n<\/div>\n\t\t\t\t<\/div>\n\t\t\t\t<\/div>\n\t\t\t\t\t<\/div>\n\t\t<\/div>\n\t\t\t\t\t<\/div>\n\t\t<\/section>\n\t\t\t\t\t<\/div>\n\t\t<\/div>\n\t\t\t\t\t<\/div>\n\t\t<\/section>\n\t\t\t\t<\/div>\n\t\t","protected":false},"excerpt":{"rendered":"<p>FIQUE POR DENTRO DAS NOVIDADES E NOT\u00cdCIAS DA FIGA NOT\u00cdCIAS E NOVIDADES agosto 5, 2025 Published by bgdesigner on agosto 5, 2025Categories Lan\u00e7amentos Not\u00edcias Novidades Lan\u00e7amento<span class=\"excerpt-hellip\"> [\u2026]<\/span><\/p>\n","protected":false},"author":1,"featured_media":0,"parent":0,"menu_order":0,"comment_status":"open","ping_status":"closed","template":"","meta":{"footnotes":""},"class_list":["post-304","page","type-page","status-publish","hentry"],"_links":{"self":[{"href":"https:\/\/figaamazonia.com.br\/site\/wp-json\/wp\/v2\/pages\/304","targetHints":{"allow":["GET"]}}],"collection":[{"href":"https:\/\/figaamazonia.com.br\/site\/wp-json\/wp\/v2\/pages"}],"about":[{"href":"https:\/\/figaamazonia.com.br\/site\/wp-json\/wp\/v2\/types\/page"}],"author":[{"embeddable":true,"href":"https:\/\/figaamazonia.com.br\/site\/wp-json\/wp\/v2\/users\/1"}],"replies":[{"embeddable":true,"href":"https:\/\/figaamazonia.com.br\/site\/wp-json\/wp\/v2\/comments?post=304"}],"version-history":[{"count":4,"href":"https:\/\/figaamazonia.com.br\/site\/wp-json\/wp\/v2\/pages\/304\/revisions"}],"predecessor-version":[{"id":308,"href":"https:\/\/figaamazonia.com.br\/site\/wp-json\/wp\/v2\/pages\/304\/revisions\/308"}],"wp:attachment":[{"href":"https:\/\/figaamazonia.com.br\/site\/wp-json\/wp\/v2\/media?parent=304"}],"curies":[{"name":"wp","href":"https:\/\/api.w.org\/{rel}","templated":true}]}}