{"id":262,"date":"2025-08-06T04:42:22","date_gmt":"2025-08-06T04:42:22","guid":{"rendered":"https:\/\/figaamazonia.com.br\/?page_id=262"},"modified":"2025-08-06T04:47:39","modified_gmt":"2025-08-06T04:47:39","slug":"croqui","status":"publish","type":"page","link":"https:\/\/figaamazonia.com.br\/site\/croqui\/","title":{"rendered":"Croqui do Evento"},"content":{"rendered":"\t\t<div data-elementor-type=\"wp-page\" data-elementor-id=\"262\" class=\"elementor elementor-262\" data-elementor-post-type=\"page\">\n\t\t\t\t\t\t<section class=\"elementor-section elementor-top-section elementor-element elementor-element-ea922a2 elementor-section-stretched elementor-section-boxed elementor-section-height-default elementor-section-height-default\" data-id=\"ea922a2\" data-element_type=\"section\" data-settings=\"{&quot;stretch_section&quot;:&quot;section-stretched&quot;,&quot;background_background&quot;:&quot;classic&quot;}\">\n\t\t\t\t\t\t\t<div class=\"elementor-background-overlay\"><\/div>\n\t\t\t\t\t\t\t<div class=\"elementor-container elementor-column-gap-wider\">\n\t\t\t\t\t<div class=\"elementor-column elementor-col-100 elementor-top-column elementor-element elementor-element-aa18385\" data-id=\"aa18385\" data-element_type=\"column\">\n\t\t\t<div class=\"elementor-widget-wrap elementor-element-populated\">\n\t\t\t\t\t\t<section class=\"elementor-section elementor-inner-section elementor-element elementor-element-fce48d7 elementor-section-boxed elementor-section-height-default elementor-section-height-default\" data-id=\"fce48d7\" data-element_type=\"section\" data-settings=\"{&quot;background_background&quot;:&quot;classic&quot;}\">\n\t\t\t\t\t\t<div class=\"elementor-container elementor-column-gap-default\">\n\t\t\t\t\t<div class=\"elementor-column elementor-col-100 elementor-inner-column elementor-element elementor-element-011e4aa\" data-id=\"011e4aa\" data-element_type=\"column\">\n\t\t\t<div class=\"elementor-widget-wrap elementor-element-populated\">\n\t\t\t\t\t\t<div class=\"elementor-element elementor-element-5069515 elementor-widget elementor-widget-text-editor\" data-id=\"5069515\" data-element_type=\"widget\" data-widget_type=\"text-editor.default\">\n\t\t\t\t\t\t\t\t\t<h6 data-start=\"182\" data-end=\"220\"><strong data-start=\"186\" data-end=\"220\">DESCUBRA O ESPA\u00c7O FIGA 2025<\/strong><\/h6><h2>CROQUI DO EVENTO<\/h2>\t\t\t\t\t\t\t\t<\/div>\n\t\t\t\t\t<\/div>\n\t\t<\/div>\n\t\t\t\t\t<\/div>\n\t\t<\/section>\n\t\t\t\t<section class=\"elementor-section elementor-inner-section elementor-element elementor-element-3bd58bc elementor-reverse-mobile elementor-section-boxed elementor-section-height-default elementor-section-height-default\" data-id=\"3bd58bc\" data-element_type=\"section\">\n\t\t\t\t\t\t<div class=\"elementor-container elementor-column-gap-wider\">\n\t\t\t\t\t<div class=\"elementor-column elementor-col-100 elementor-inner-column elementor-element elementor-element-6b57c6c\" data-id=\"6b57c6c\" data-element_type=\"column\">\n\t\t\t<div class=\"elementor-widget-wrap elementor-element-populated\">\n\t\t\t\t\t\t<div class=\"elementor-element elementor-element-b2612b2 elementor-widget elementor-widget-text-editor\" data-id=\"b2612b2\" data-element_type=\"widget\" data-widget_type=\"text-editor.default\">\n\t\t\t\t\t\t\t\t\t<p data-start=\"222\" data-end=\"566\">O Croqui do Evento apresenta a planta do t\u00e9rreo do Centro de Conven\u00e7\u00f5es Vasco Vasques, onde a FIGA 2025 vai ganhar vida. Aqui, voc\u00ea pode visualizar a localiza\u00e7\u00e3o de estandes, salas de aula-show, \u00e1rea de alimenta\u00e7\u00e3o, espa\u00e7o kids, sala de neg\u00f3cios e outras atra\u00e7\u00f5es que far\u00e3o parte da experi\u00eancia imersiva da maior feira gastron\u00f4mica da Amaz\u00f4nia.<\/p><p data-start=\"568\" data-end=\"809\">Tudo foi planejado para proporcionar fluxo inteligente, conforto ao p\u00fablico e oportunidades estrat\u00e9gicas de visibilidade para expositores e marcas. Explore o mapa e prepare-se para viver a FIGA de forma completa \u2014 da entrada ao \u00faltimo sabor.<\/p>\t\t\t\t\t\t\t\t<\/div>\n\t\t\t\t<div class=\"elementor-element elementor-element-828a856 elementor-widget elementor-widget-image\" data-id=\"828a856\" data-element_type=\"widget\" data-widget_type=\"image.default\">\n\t\t\t\t\t\t\t\t\t\t\t\t\t\t\t<img fetchpriority=\"high\" decoding=\"async\" width=\"792\" height=\"403\" src=\"https:\/\/figaamazonia.com.br\/site\/wp-content\/uploads\/2025\/08\/croqui.png\" class=\"attachment-full size-full wp-image-264\" alt=\"\" srcset=\"https:\/\/figaamazonia.com.br\/site\/wp-content\/uploads\/2025\/08\/croqui.png 792w, https:\/\/figaamazonia.com.br\/site\/wp-content\/uploads\/2025\/08\/croqui-500x254.png 500w, https:\/\/figaamazonia.com.br\/site\/wp-content\/uploads\/2025\/08\/croqui-300x153.png 300w, https:\/\/figaamazonia.com.br\/site\/wp-content\/uploads\/2025\/08\/croqui-768x391.png 768w, https:\/\/figaamazonia.com.br\/site\/wp-content\/uploads\/2025\/08\/croqui-147x75.png 147w, https:\/\/figaamazonia.com.br\/site\/wp-content\/uploads\/2025\/08\/croqui-480x244.png 480w\" sizes=\"(max-width:767px) 480px, (max-width:792px) 100vw, 792px\" \/>\t\t\t\t\t\t\t\t\t\t\t\t\t\t\t<\/div>\n\t\t\t\t\t<\/div>\n\t\t<\/div>\n\t\t\t\t\t<\/div>\n\t\t<\/section>\n\t\t\t\t\t<\/div>\n\t\t<\/div>\n\t\t\t\t\t<\/div>\n\t\t<\/section>\n\t\t\t\t<\/div>\n\t\t","protected":false},"excerpt":{"rendered":"<p>DESCUBRA O ESPA\u00c7O FIGA 2025 CROQUI DO EVENTO O Croqui do Evento apresenta a planta do t\u00e9rreo do Centro de Conven\u00e7\u00f5es Vasco Vasques, onde a FIGA<span class=\"excerpt-hellip\"> [\u2026]<\/span><\/p>\n","protected":false},"author":1,"featured_media":0,"parent":0,"menu_order":0,"comment_status":"open","ping_status":"closed","template":"","meta":{"footnotes":""},"class_list":["post-262","page","type-page","status-publish","hentry"],"_links":{"self":[{"href":"https:\/\/figaamazonia.com.br\/site\/wp-json\/wp\/v2\/pages\/262","targetHints":{"allow":["GET"]}}],"collection":[{"href":"https:\/\/figaamazonia.com.br\/site\/wp-json\/wp\/v2\/pages"}],"about":[{"href":"https:\/\/figaamazonia.com.br\/site\/wp-json\/wp\/v2\/types\/page"}],"author":[{"embeddable":true,"href":"https:\/\/figaamazonia.com.br\/site\/wp-json\/wp\/v2\/users\/1"}],"replies":[{"embeddable":true,"href":"https:\/\/figaamazonia.com.br\/site\/wp-json\/wp\/v2\/comments?post=262"}],"version-history":[{"count":5,"href":"https:\/\/figaamazonia.com.br\/site\/wp-json\/wp\/v2\/pages\/262\/revisions"}],"predecessor-version":[{"id":792,"href":"https:\/\/figaamazonia.com.br\/site\/wp-json\/wp\/v2\/pages\/262\/revisions\/792"}],"wp:attachment":[{"href":"https:\/\/figaamazonia.com.br\/site\/wp-json\/wp\/v2\/media?parent=262"}],"curies":[{"name":"wp","href":"https:\/\/api.w.org\/{rel}","templated":true}]}}